{"id":75,"date":"2014-02-09T15:04:12","date_gmt":"2014-02-09T13:04:12","guid":{"rendered":"http:\/\/www.landmaschinen-rlp.de\/WP\/?page_id=75"},"modified":"2015-10-07T16:49:56","modified_gmt":"2015-10-07T15:49:56","slug":"ps-pirmasens","status":"publish","type":"page","link":"http:\/\/www.landmaschinen-rlp.de\/WP\/unsere-mitglieder\/ps-pirmasens\/","title":{"rendered":"PS &#8211; Pirmasens"},"content":{"rendered":"<p><span style=\"font-size: x-large;\"><strong>Landtechnik in Pirmasens, Zweibr\u00fccken und im Landkreis S\u00fcdwestpfalz<\/strong><\/span><\/p>\n<p>Fischer Landmaschinen GmbH<br \/>\nStockholmer Stra\u00dfe 7<br \/>\n66482 Zweibr\u00fccken<br \/>\nTel 06332-90770-11<br \/>\nFax 06332-90770-29<br \/>\nMail: info@fischer-landmaschinen.de<br \/>\nHomepage: <a title=\"www.fischer-landmaschinen.de\" href=\"http:\/\/www.fischer-landmaschinen.de\">www.fischer-landmaschinen.de<\/a><\/p>\n<p>Alfred Sebald OHG Landmaschinen<br \/>\nJakob-Leyser-Str. 5-8<br \/>\n66482 Zweibr\u00fccken<br \/>\nTel 06332-75513<br \/>\nFax 06332-15614<br \/>\nHomepage: <a title=\"www.sebald-landmaschinen.de\" href=\"http:\/\/www.sebald-landmaschinen.de\/\" target=\"_blank\">www.sebald-landmaschinen.de<\/a><\/p>\n","protected":false},"excerpt":{"rendered":"<p>Landtechnik in Pirmasens, Zweibr\u00fccken und im Landkreis S\u00fcdwestpfalz Fischer Landmaschinen GmbH Stockholmer Stra\u00dfe 7 66482 Zweibr\u00fccken Tel 06332-90770-11 Fax 06332-90770-29 Mail: info@fischer-landmaschinen.de Homepage: www.fischer-landmaschinen.de Alfred Sebald OHG Landmaschinen Jakob-Leyser-Str. 5-8 66482 Zweibr\u00fccken Tel 06332-75513 Fax 06332-15614 Homepage: www.sebald-landmaschinen.de<\/p>\n","protected":false},"author":1,"featured_media":0,"parent":18,"menu_order":514,"comment_status":"closed","ping_status":"closed","template":"","meta":[],"_links":{"self":[{"href":"http:\/\/www.landmaschinen-rlp.de\/WP\/wp-json\/wp\/v2\/pages\/75"}],"collection":[{"href":"http:\/\/www.landmaschinen-rlp.de\/WP\/wp-json\/wp\/v2\/pages"}],"about":[{"href":"http:\/\/www.landmaschinen-rlp.de\/WP\/wp-json\/wp\/v2\/types\/page"}],"author":[{"embeddable":true,"href":"http:\/\/www.landmaschinen-rlp.de\/WP\/wp-json\/wp\/v2\/users\/1"}],"replies":[{"embeddable":true,"href":"http:\/\/www.landmaschinen-rlp.de\/WP\/wp-json\/wp\/v2\/comments?post=75"}],"version-history":[{"count":8,"href":"http:\/\/www.landmaschinen-rlp.de\/WP\/wp-json\/wp\/v2\/pages\/75\/revisions"}],"predecessor-version":[{"id":680,"href":"http:\/\/www.landmaschinen-rlp.de\/WP\/wp-json\/wp\/v2\/pages\/75\/revisions\/680"}],"up":[{"embeddable":true,"href":"http:\/\/www.landmaschinen-rlp.de\/WP\/wp-json\/wp\/v2\/pages\/18"}],"wp:attachment":[{"href":"http:\/\/www.landmaschinen-rlp.de\/WP\/wp-json\/wp\/v2\/media?parent=75"}],"curies":[{"name":"wp","href":"https:\/\/api.w.org\/{rel}","templated":true}]}}