{"id":69,"date":"2014-02-09T15:02:48","date_gmt":"2014-02-09T13:02:48","guid":{"rendered":"http:\/\/www.landmaschinen-rlp.de\/WP\/?page_id=69"},"modified":"2025-04-28T10:54:55","modified_gmt":"2025-04-28T09:54:55","slug":"ld-landau","status":"publish","type":"page","link":"http:\/\/www.landmaschinen-rlp.de\/WP\/unsere-mitglieder\/ld-landau\/","title":{"rendered":"LD &#8211; Landau"},"content":{"rendered":"<p><strong><span style=\"font-size: x-large;\">Landtechnik im Landkreis S\u00fcdliche Weinstra\u00dfe und in Landau<\/span><\/strong><\/p>\n<p><span style=\"font-size: large;\">Heinz Kauffmann<\/span><br \/>\n<span style=\"font-size: large;\"> Hauptstra\u00dfe 44<\/span><br \/>\n<span style=\"font-size: large;\"> 67482 B\u00f6bingen<\/span><br \/>\n<span style=\"font-size: large;\"> Tel 06327-969221<\/span><br \/>\n<span style=\"font-size: large;\"> Fax 06327-9769946<\/span><br \/>\n<span style=\"font-size: large;\"> Mail: hkl.info@t-online.de<\/span><\/p>\n<p><span style=\"font-size: large;\">Wittmer<\/span> Landtechnik<br \/>\nStefan Wittmer<br \/>\nRaiffeisenstr. 3<br \/>\n<span style=\"font-size: large;\"> 67489 Kirrweiler<\/span><br \/>\n<span style=\"font-size: large;\"> Tel 06321-58035<\/span><br \/>\n<span style=\"font-size: large;\"> Fax 06321-58196<\/span><br \/>\n<span style=\"font-size: large;\"> Mail: info@wittmer-landtechnik.de<\/span><br \/>\n<span style=\"font-size: large;\"> Homepage:<a title=\"www.wittmer-landtechnik.de\" href=\"http:\/\/www.gadinger-landtechnik.de\"> www.wittmer-landtechnik.de<\/a><\/span><\/p>\n<p><span style=\"font-size: large;\">Landtechnik Peter Schunck<\/span><br \/>\n<span style=\"font-size: large;\"> Im Br\u00fchl 2<\/span><br \/>\n<span style=\"font-size: large;\"> 76831 Ilbesheim<\/span> bei Landau<br \/>\n<span style=\"font-size: large;\"> Tel 06341-34279<\/span><br \/>\n<span style=\"font-size: large;\"> Fax 06341-34651<\/span><br \/>\n<span style=\"font-size: large;\"> Mail: info@landtechnik-schunck.de<\/span><br \/>\n<span style=\"font-size: large;\"> Homepage: <a title=\"www.landtechnik-schunck.de\" href=\"http:\/\/www.landtechnik-schunck.de\/\" target=\"_blank\" rel=\"noopener\">www.landtechnik-schunck.de<\/a><br \/>\n<a title=\"www.agrarduesen-schunck.de\" href=\"http:\/\/www.agrarduesen-schunck.de\/\" target=\"_blank\" rel=\"noopener\">www.agrarduesen-schunck.de<\/a><br \/>\n<a title=\"www.kleingeraete-schunck.de\" href=\"http:\/\/www.kleingeraete-schunck.de\/\" target=\"_blank\" rel=\"noopener\">www.kleingeraete-schunck.de<\/a><br \/>\n<a title=\"www.winterdienst-schunck.de\" href=\"http:\/\/www.winterdienst-schunck.de\/\" target=\"_blank\" rel=\"noopener\">www.winterdienst-schunck.de<\/a><br \/>\n<\/span><\/p>\n<p><span style=\"font-size: large;\">Zickler GmbH<\/span><br \/>\n<span style=\"font-size: large;\"> Walsheimer Str. 9<\/span><br \/>\n<span style=\"font-size: large;\"> 76833 B\u00f6chingen<\/span><br \/>\n<span style=\"font-size: large;\"> Tel 06341-96510<\/span><br \/>\n<span style=\"font-size: large;\"> Fax 06341-965121<\/span><br \/>\n<span style=\"font-size: large;\"> Mail: info@zickler-gmbh.de<br \/>\nHomepage: <a title=\"www.zickler-gmbh.de\" href=\"http:\/\/www.zickler-gmbh.de\/\" target=\"_blank\" rel=\"noopener\">www.zickler-gmbh.de<\/a><br \/>\n<\/span><\/p>\n<p><span style=\"font-size: large;\">Braun Maschinenbau GmbH<br \/>\nA<\/span>lbert-Einstein-Str. 10<br \/>\n<span style=\"font-size: large;\"> 76829 Landau<\/span><br \/>\n<span style=\"font-size: large;\"> Tel 06341-9505500<\/span><br \/>\n<span style=\"font-size: large;\"> Fax 06341-9505522<\/span><br \/>\n<span style=\"font-size: large;\"> Mail: info@braun-maschinenbau.de<\/span><br \/>\n<span style=\"font-size: large;\"> Homepage: <a title=\"www.braun-maschinenbau.info\" href=\"http:\/\/www.braun-maschinenbau.info\">www.braun-maschinenbau.info<\/a><\/span><\/p>\n<p><span style=\"font-size: large;\">Eichenlaub Landmaschinen GmbH<\/span><br \/>\n<span style=\"font-size: large;\"> Offenbacher Str. 38<\/span><br \/>\n<span style=\"font-size: large;\"> 76863 Herxheim b. Landau<\/span><br \/>\n<span style=\"font-size: large;\"> Tel 07276-7070<\/span><br \/>\n<span style=\"font-size: large;\"> Fax 07276-6782<\/span><br \/>\n<span style=\"font-size: large;\"> Mail: info@eichenlaub-landmaschinen.de<\/span><br \/>\n<span style=\"font-size: large;\"> Homepage: <a title=\"www.eichenlaub-landmaschinen.de\" href=\"http:\/\/www.eichenlaub-landmaschinen.de\/\" target=\"_blank\" rel=\"noopener\">www.eichenlaub-landmaschinen.de<\/a><br \/>\n<\/span><\/p>\n<p>Raiffeisen Waren-Zentrale<br \/>\nRhein-Main AG Agrartechnik<br \/>\nAlzheimer Weg 1 a<br \/>\n76863 Herxheim b. Landau<br \/>\nHomepage: <a title=\"www.rwz.de\" href=\"http:\/\/www.rwz.de\/\" target=\"_blank\" rel=\"noopener\">www.rwz.de<\/a><\/p>\n","protected":false},"excerpt":{"rendered":"<p>Landtechnik im Landkreis S\u00fcdliche Weinstra\u00dfe und in Landau Heinz Kauffmann Hauptstra\u00dfe 44 67482 B\u00f6bingen Tel 06327-969221 Fax 06327-9769946 Mail: hkl.info@t-online.de Wittmer Landtechnik Stefan Wittmer Raiffeisenstr. 3 67489 Kirrweiler Tel 06321-58035 Fax 06321-58196 Mail: info@wittmer-landtechnik.de Homepage: www.wittmer-landtechnik.de Landtechnik Peter Schunck Im Br\u00fchl 2 76831 Ilbesheim bei Landau Tel 06341-34279 Fax 06341-34651 Mail: info@landtechnik-schunck.de Homepage: www.landtechnik-schunck.de www.agrarduesen-schunck.de [&hellip;]<\/p>\n","protected":false},"author":1,"featured_media":0,"parent":18,"menu_order":511,"comment_status":"closed","ping_status":"closed","template":"","meta":[],"_links":{"self":[{"href":"http:\/\/www.landmaschinen-rlp.de\/WP\/wp-json\/wp\/v2\/pages\/69"}],"collection":[{"href":"http:\/\/www.landmaschinen-rlp.de\/WP\/wp-json\/wp\/v2\/pages"}],"about":[{"href":"http:\/\/www.landmaschinen-rlp.de\/WP\/wp-json\/wp\/v2\/types\/page"}],"author":[{"embeddable":true,"href":"http:\/\/www.landmaschinen-rlp.de\/WP\/wp-json\/wp\/v2\/users\/1"}],"replies":[{"embeddable":true,"href":"http:\/\/www.landmaschinen-rlp.de\/WP\/wp-json\/wp\/v2\/comments?post=69"}],"version-history":[{"count":24,"href":"http:\/\/www.landmaschinen-rlp.de\/WP\/wp-json\/wp\/v2\/pages\/69\/revisions"}],"predecessor-version":[{"id":1082,"href":"http:\/\/www.landmaschinen-rlp.de\/WP\/wp-json\/wp\/v2\/pages\/69\/revisions\/1082"}],"up":[{"embeddable":true,"href":"http:\/\/www.landmaschinen-rlp.de\/WP\/wp-json\/wp\/v2\/pages\/18"}],"wp:attachment":[{"href":"http:\/\/www.landmaschinen-rlp.de\/WP\/wp-json\/wp\/v2\/media?parent=69"}],"curies":[{"name":"wp","href":"https:\/\/api.w.org\/{rel}","templated":true}]}}