{"id":6,"date":"2014-02-07T16:01:07","date_gmt":"2014-02-07T14:01:07","guid":{"rendered":"http:\/\/www.landmaschinen-rlp.de\/WP\/?page_id=6"},"modified":"2014-07-04T14:06:16","modified_gmt":"2014-07-04T13:06:16","slug":"ueber-uns","status":"publish","type":"page","link":"http:\/\/www.landmaschinen-rlp.de\/WP\/die-innung\/ueber-uns\/","title":{"rendered":"\u00fcber uns"},"content":{"rendered":"<p><span style=\"font-size: x-large;\"><strong>Die Geschichte der Innung f\u00fcr Land- und Baumaschinentechnik Trier-Rheinhessen-Pfalz<\/strong><\/span><\/p>\n<p>Wie bereits am Innungsnamen zu erkennen entstand unsere heutige Innung aus urspr\u00fcnglich 3 selbst\u00e4ndigen Handwerksinnungen, die in den Handwerkskammerbezirken Trier, Rheinhessen und Pfalz beheimatet waren. Beginnen wir mit unserer Geschichte zun\u00e4chst in der Pfalz, am heutigen Sitz unserer Innung, in Kaiserslautern.<\/p>\n<p>Aufgrund des Gesetzes \u00fcber den vorl\u00e4ufigen Aufbau des Deutschen Handwerks vom 29.11.1935 wurde mit Wirkung vom 1.6.1934 eine &#8222;Handwerker-Innung f\u00fcr das Landmaschinenhandwerk&#8220; mit Sitz in Kaiserslautern gegr\u00fcndet. Obermeister dieser Innung war Schmiedemeister Ludwig Keiper aus Obermoschel. Diese sp\u00e4ter in &#8222;Innung des Landmaschinenmechaniker-Handwerks der Pfalz&#8220; umbenannte Innung beschloss in einer Innungsversammlung am 5.12.1992 zun\u00e4chst die Fusion mit der Innung Rheinhessen zur &#8222;Landmaschinenmechaniker-Innung Rheinhessen-Pfalz.&#8220; In Versammlungen am 14.12.1993 sowie endg\u00fcltig rechtswirksam am 21.06.1994 beschlossen die Mitglieder dann per Abstimmung die Fusion mit der Innung Trier zur &#8222;Landmaschinenmechaniker-Innung Trier und Rheinhessen-Pfalz,&#8220; die mit unserer heutigen Innung identisch ist. Lediglich der Innungsname wurde leicht abge\u00e4ndert in die heutige Bezeichnung.<\/p>\n<p>&#8230;&#8230;&#8230;&#8230;&#8230;<\/p>\n<p><strong><em><span style=\"font-size: medium;\">(Demn\u00e4chst erfahren Sie mehr zur Innungsgeschichte! Der Beitrag wird in K\u00fcrze fortgesetzt!)<\/span><\/em><\/strong><\/p>\n","protected":false},"excerpt":{"rendered":"<p>Die Geschichte der Innung f\u00fcr Land- und Baumaschinentechnik Trier-Rheinhessen-Pfalz Wie bereits am Innungsnamen zu erkennen entstand unsere heutige Innung aus urspr\u00fcnglich 3 selbst\u00e4ndigen Handwerksinnungen, die in den Handwerkskammerbezirken Trier, Rheinhessen und Pfalz beheimatet waren. Beginnen wir mit unserer Geschichte zun\u00e4chst in der Pfalz, am heutigen Sitz unserer Innung, in Kaiserslautern. Aufgrund des Gesetzes \u00fcber den [&hellip;]<\/p>\n","protected":false},"author":1,"featured_media":0,"parent":4,"menu_order":10,"comment_status":"closed","ping_status":"open","template":"","meta":[],"_links":{"self":[{"href":"http:\/\/www.landmaschinen-rlp.de\/WP\/wp-json\/wp\/v2\/pages\/6"}],"collection":[{"href":"http:\/\/www.landmaschinen-rlp.de\/WP\/wp-json\/wp\/v2\/pages"}],"about":[{"href":"http:\/\/www.landmaschinen-rlp.de\/WP\/wp-json\/wp\/v2\/types\/page"}],"author":[{"embeddable":true,"href":"http:\/\/www.landmaschinen-rlp.de\/WP\/wp-json\/wp\/v2\/users\/1"}],"replies":[{"embeddable":true,"href":"http:\/\/www.landmaschinen-rlp.de\/WP\/wp-json\/wp\/v2\/comments?post=6"}],"version-history":[{"count":6,"href":"http:\/\/www.landmaschinen-rlp.de\/WP\/wp-json\/wp\/v2\/pages\/6\/revisions"}],"predecessor-version":[{"id":232,"href":"http:\/\/www.landmaschinen-rlp.de\/WP\/wp-json\/wp\/v2\/pages\/6\/revisions\/232"}],"up":[{"embeddable":true,"href":"http:\/\/www.landmaschinen-rlp.de\/WP\/wp-json\/wp\/v2\/pages\/4"}],"wp:attachment":[{"href":"http:\/\/www.landmaschinen-rlp.de\/WP\/wp-json\/wp\/v2\/media?parent=6"}],"curies":[{"name":"wp","href":"https:\/\/api.w.org\/{rel}","templated":true}]}}