{"id":49,"date":"2014-02-09T14:58:10","date_gmt":"2014-02-09T12:58:10","guid":{"rendered":"http:\/\/www.landmaschinen-rlp.de\/WP\/?page_id=49"},"modified":"2026-03-06T13:59:51","modified_gmt":"2026-03-06T12:59:51","slug":"az-alzey","status":"publish","type":"page","link":"http:\/\/www.landmaschinen-rlp.de\/WP\/unsere-mitglieder\/az-alzey\/","title":{"rendered":"AZ \/ WO &#8211; Alzey &#8211; Worms"},"content":{"rendered":"<p><span style=\"font-size: x-large;\"><strong>Landtechnik im Landkreis Alzey &#8211; Worms<\/strong><\/span><\/p>\n<p>Fischer Landmaschinen GmbH<br \/>Petrus-Dorn-Stra\u00dfe 3c<br \/>67547 Worms<br \/>Tel 06241-32451-0<br \/>Fax 06241-32451-22<br \/>Mail: info@fischer-landmaschinen.de<br \/>Homepage: <a title=\"www.fischer-landmaschinen.de\" href=\"http:\/\/www.fischer-landmaschinen.de\/\" target=\"_blank\" rel=\"noopener\">www.fischer-landmaschinen.de<\/a><\/p>\n<p>Freund Landmaschinen GmbH &amp; Co. KG<br \/>Heerstra\u00dfe 55-61<br \/>55288 Partenheim<br \/>Tel 06732-91640<br \/>Fax 06732-916428<br \/>Homepage: <a href=\"http:\/\/www.freund-garten.de\">www.freund-garten.de<\/a><\/p>\n<p>Heinfried und Holger Hassinger GbR<br \/>Landmaschinenmechanikerbetrieb<br \/>Heinrich-Bechtolsheimer-Stra\u00dfe 10<br \/>55599 Wonsheim<br \/>Tel 06703-877<br \/>Fax 06703-4799<\/p>\n<p><span style=\"font-size: large;\">Adam Kloster<\/span><br \/><span style=\"font-size: large;\"> Land-u.Baumasch.-Handels GmbH<\/span><br \/><span style=\"font-size: large;\"> Pfeddersheimer Stra\u00dfe 6<\/span><br \/><span style=\"font-size: large;\"> 67591 M\u00f6rstadt<\/span><br \/><span style=\"font-size: large;\"> Tel 06247-904557<\/span><br \/><span style=\"font-size: large;\"> Fax 06247-904558<\/span><br \/><span style=\"font-size: large;\"> Mail: info@adam-kloster.de<\/span><br \/><span style=\"font-size: large;\"> Homepage: <a title=\"www.adam-kloster.de\" href=\"http:\/\/www.adam-kloster.de\/\" target=\"_blank\" rel=\"noopener\">www.adam-kloster.de<\/a><\/span><\/p>\n<p><span style=\"font-size: large;\">Lind Landtechnik GmbH<\/span><br \/><span style=\"font-size: large;\"> Bermersheimerstra\u00dfe 28<\/span><br \/><span style=\"font-size: large;\"> 55237 Lonsheim<\/span><br \/><span style=\"font-size: large;\"> Tel 06734-296<\/span><br \/><span style=\"font-size: large;\"> Fax 06734-6682<br \/>Mail: kontakt@lind-landtechnik.de<br \/>Homepage: <a title=\"www.lind-landtechnik.de\" href=\"http:\/\/www.lind-landtechnik.de\/\" target=\"_blank\" rel=\"noopener\">www.lind-landtechnik.de<\/a><br \/><\/span><\/p>\n<p><span style=\"font-size: large;\">Raiffeisen<\/span> Waren-Zentrale<br \/>Rhein-Main AG Agrartechnik<br \/>An der Weidenm\u00fchle 27<br \/>67598 Gundersheim<br \/>Homepage: <a title=\"www.rwz.de\" href=\"http:\/\/www.rwz.de\">www.rwz.de<\/a><\/p>\n<p>Raiffeisen Waren-Zentrale<br \/>Rhein-Main AG Agrartechnik<br \/>Am S\u00f6rgenlocher Weg 1<br \/>55291 Saulheim<br \/>Homepage: <a title=\"www.rwz.de\" href=\"http:\/\/www.rwz.de\/\" target=\"_blank\" rel=\"noopener\">www.rwz.de<\/a><\/p>\n<p>\u00a0<\/p>\n\n\n<p><\/p>\n","protected":false},"excerpt":{"rendered":"<p>Landtechnik im Landkreis Alzey &#8211; Worms Fischer Landmaschinen GmbHPetrus-Dorn-Stra\u00dfe 3c67547 WormsTel 06241-32451-0Fax 06241-32451-22Mail: info@fischer-landmaschinen.deHomepage: www.fischer-landmaschinen.de Freund Landmaschinen GmbH &amp; Co. KGHeerstra\u00dfe 55-6155288 PartenheimTel 06732-91640Fax 06732-916428Homepage: www.freund-garten.de Heinfried und Holger Hassinger GbRLandmaschinenmechanikerbetriebHeinrich-Bechtolsheimer-Stra\u00dfe 1055599 WonsheimTel 06703-877Fax 06703-4799 Adam Kloster Land-u.Baumasch.-Handels GmbH Pfeddersheimer Stra\u00dfe 6 67591 M\u00f6rstadt Tel 06247-904557 Fax 06247-904558 Mail: info@adam-kloster.de Homepage: www.adam-kloster.de Lind Landtechnik GmbH [&hellip;]<\/p>\n","protected":false},"author":1,"featured_media":0,"parent":18,"menu_order":501,"comment_status":"closed","ping_status":"closed","template":"","meta":[],"_links":{"self":[{"href":"http:\/\/www.landmaschinen-rlp.de\/WP\/wp-json\/wp\/v2\/pages\/49"}],"collection":[{"href":"http:\/\/www.landmaschinen-rlp.de\/WP\/wp-json\/wp\/v2\/pages"}],"about":[{"href":"http:\/\/www.landmaschinen-rlp.de\/WP\/wp-json\/wp\/v2\/types\/page"}],"author":[{"embeddable":true,"href":"http:\/\/www.landmaschinen-rlp.de\/WP\/wp-json\/wp\/v2\/users\/1"}],"replies":[{"embeddable":true,"href":"http:\/\/www.landmaschinen-rlp.de\/WP\/wp-json\/wp\/v2\/comments?post=49"}],"version-history":[{"count":30,"href":"http:\/\/www.landmaschinen-rlp.de\/WP\/wp-json\/wp\/v2\/pages\/49\/revisions"}],"predecessor-version":[{"id":1093,"href":"http:\/\/www.landmaschinen-rlp.de\/WP\/wp-json\/wp\/v2\/pages\/49\/revisions\/1093"}],"up":[{"embeddable":true,"href":"http:\/\/www.landmaschinen-rlp.de\/WP\/wp-json\/wp\/v2\/pages\/18"}],"wp:attachment":[{"href":"http:\/\/www.landmaschinen-rlp.de\/WP\/wp-json\/wp\/v2\/media?parent=49"}],"curies":[{"name":"wp","href":"https:\/\/api.w.org\/{rel}","templated":true}]}}