{"id":4,"date":"2014-02-07T16:00:24","date_gmt":"2014-02-07T14:00:24","guid":{"rendered":"http:\/\/www.landmaschinen-rlp.de\/WP\/?page_id=4"},"modified":"2018-02-26T10:45:36","modified_gmt":"2018-02-26T09:45:36","slug":"die-innung","status":"publish","type":"page","link":"http:\/\/www.landmaschinen-rlp.de\/WP\/","title":{"rendered":"Die Innung"},"content":{"rendered":"<p><strong>Innung f\u00fcr Land- und Baumaschinentechnik Trier-Rheinhessen-Pfalz<\/strong><\/p>\n<p>Die Betriebe im Land- und Baumaschinentechnikerhandwerk der Regionen Trier, Rheinhessen und Pfalz k\u00f6nnen der Innung f\u00fcr Land- und Baumaschinentechnik angeh\u00f6ren. Die Innung ist die Basisorganisation des jeweiligen Handwerks in der Region. Die Handwerksordnung definiert die Innung als einen Zusammenschluss selbstst\u00e4ndiger Handwerker zur F\u00f6rderung der gemeinsamen gewerblichen Interessen innerhalb eines bestimmten Bezirks.<\/p>\n<p>Im Vordergrund steht der Nutzen f\u00fcr den Mitgliedsbetrieb.<\/p>\n<p>&#8211; Kl\u00e4rung von Ausbildungsfragen und F\u00f6rderung der Berufsbildung<br \/>\n&#8211; F\u00f6rderung der Fortbildung von Mitgliedern und Gesellen<br \/>\n&#8211; Abnahme der Gesellenpr\u00fcfungen<br \/>\n&#8211; Mahnwesen und Inkasso gegen s\u00e4umige Zahler unserer Mitglieder<br \/>\n&#8211; Juristische Beratung und Vertretung in Arbeitsgerichtsprozessen<br \/>\n&#8211; \u00d6ffentlichkeitsarbeit<br \/>\n&#8211; Nachwuchswerbung<br \/>\nusw.<\/p>\n<p>Ein kleiner Ausschnitt des Leistungsspektrums der Innung &#8211; mehr davon auf den folgenden Seiten.<\/p>\n<p>&nbsp;<\/p>\n","protected":false},"excerpt":{"rendered":"<p>Innung f\u00fcr Land- und Baumaschinentechnik Trier-Rheinhessen-Pfalz Die Betriebe im Land- und Baumaschinentechnikerhandwerk der Regionen Trier, Rheinhessen und Pfalz k\u00f6nnen der Innung f\u00fcr Land- und Baumaschinentechnik angeh\u00f6ren. Die Innung ist die Basisorganisation des jeweiligen Handwerks in der Region. Die Handwerksordnung definiert die Innung als einen Zusammenschluss selbstst\u00e4ndiger Handwerker zur F\u00f6rderung der gemeinsamen gewerblichen Interessen innerhalb eines [&hellip;]<\/p>\n","protected":false},"author":1,"featured_media":0,"parent":0,"menu_order":5,"comment_status":"closed","ping_status":"open","template":"","meta":[],"_links":{"self":[{"href":"http:\/\/www.landmaschinen-rlp.de\/WP\/wp-json\/wp\/v2\/pages\/4"}],"collection":[{"href":"http:\/\/www.landmaschinen-rlp.de\/WP\/wp-json\/wp\/v2\/pages"}],"about":[{"href":"http:\/\/www.landmaschinen-rlp.de\/WP\/wp-json\/wp\/v2\/types\/page"}],"author":[{"embeddable":true,"href":"http:\/\/www.landmaschinen-rlp.de\/WP\/wp-json\/wp\/v2\/users\/1"}],"replies":[{"embeddable":true,"href":"http:\/\/www.landmaschinen-rlp.de\/WP\/wp-json\/wp\/v2\/comments?post=4"}],"version-history":[{"count":7,"href":"http:\/\/www.landmaschinen-rlp.de\/WP\/wp-json\/wp\/v2\/pages\/4\/revisions"}],"predecessor-version":[{"id":865,"href":"http:\/\/www.landmaschinen-rlp.de\/WP\/wp-json\/wp\/v2\/pages\/4\/revisions\/865"}],"wp:attachment":[{"href":"http:\/\/www.landmaschinen-rlp.de\/WP\/wp-json\/wp\/v2\/media?parent=4"}],"curies":[{"name":"wp","href":"https:\/\/api.w.org\/{rel}","templated":true}]}}