{"id":292,"date":"2014-04-29T15:18:42","date_gmt":"2014-04-29T14:18:42","guid":{"rendered":"http:\/\/www.landmaschinen-rlp.de\/WP\/?page_id=292"},"modified":"2014-04-29T16:36:08","modified_gmt":"2014-04-29T15:36:08","slug":"ueberbetriebliche-ausbildung","status":"publish","type":"page","link":"http:\/\/www.landmaschinen-rlp.de\/WP\/die-innung\/ueberbetriebliche-ausbildung\/","title":{"rendered":"\u00dcberbetriebl. Ausbildung"},"content":{"rendered":"<p><strong>Die Innung unterst\u00fctzt und f\u00f6rdert die \u00fcberbetriebliche Ausbildung im Berufsbildungs- und Technologiezentrum der Handwerkskammer der Pfalz in Kaiserslautern<\/strong><\/p>\n<p><span style=\"font-size: medium;\">Am 11.11.2008 wurden seitens der Innung f\u00fcr Land- und Baumaschinentechnik Trier-Rheinhessen-Pfalz verschiedene Modelle und Laborvarianten von Traktorgetrieben offiziell an das Berufsbildungs- und Technologiezentrum (BTZ) der Handwerkskammer der Pfalz in Kaiserslautern \u00fcbergeben. Dort findet f\u00fcr alle Auszubildenden aus dem Bereich Trier-Rheinhessen-Pfalz die \u00fcberbetriebliche Ausbildung statt. Die Lehrmodelle wurden von den Mitgliedsbetrieben Steuer Landtechnik in Kusel, Landtechnik Schreiber in Hillesheim-Bolsdorf und der Raiffeisen-Waren-Zentrale in Gr\u00fcnstadt im Auftrag der Innung hergestellt. <em>\u201eDie Qualit\u00e4t der \u00fcberbetrieblichen Ausbildung im Land- und Baumaschinenmechaniker-Handwerk erf\u00e4hrt hierdurch eine erhebliche Verbesserung, von der letztendlich alle, insbesondere aber die Azubis unserer Betriebe profitieren,\u201c<\/em> so Obermeister Leo Thiesgen anl\u00e4sslich einer kleinen Feierstunde in der Lehrwerkstatt des BTZ in Kaiserslautern. Der Hauptgesch\u00e4ftsf\u00fchrer der Handwerkskammer Pfalz, Ralf Hellrich, bedankte sich f\u00fcr das Engagement der Innung.<em> \u201eEin Beitrag zur Verbesserung der \u00fcberbetrieblichen Ausbildungsm\u00f6glichkeiten, der nicht hoch genug bewertet werden kann. Daher vielen Dank an alle Beteiligten,\u201c<\/em> so Hellrich.<\/span><\/p>\n<p><a href=\"http:\/\/www.landmaschinen-rlp.de\/WP\/wp-content\/uploads\/2014\/04\/IMG_0076.jpg\"><img decoding=\"async\" loading=\"lazy\" class=\"wp-image-307 alignnone\" alt=\"IMG_0076\" src=\"http:\/\/www.landmaschinen-rlp.de\/WP\/wp-content\/uploads\/2014\/04\/IMG_0076-300x225.jpg\" width=\"332\" height=\"264\" \/><\/a><span style=\"font-size: small;\"><br \/>\nv.l.n.r.: Gerald Hosinger, HGF HWK Ralf Hellrich,<\/span><br \/>\n<span style=\"font-size: small;\"> OM Leo Thiesgen, stv. HGF HWK Ursula Stange,<\/span><br \/>\n<span style=\"font-size: small;\"> Stefan Schreiber, G\u00fcnter Steuer<\/span><\/p>\n<p style=\"text-align: center;\"><a href=\"http:\/\/www.landmaschinen-rlp.de\/WP\/wp-content\/uploads\/2014\/04\/IMG_0072.jpg\"><img decoding=\"async\" loading=\"lazy\" class=\"size-medium wp-image-308 aligncenter\" alt=\"IMG_0072\" src=\"http:\/\/www.landmaschinen-rlp.de\/WP\/wp-content\/uploads\/2014\/04\/IMG_0072-300x225.jpg\" width=\"300\" height=\"225\" srcset=\"http:\/\/www.landmaschinen-rlp.de\/WP\/wp-content\/uploads\/2014\/04\/IMG_0072-300x225.jpg 300w, http:\/\/www.landmaschinen-rlp.de\/WP\/wp-content\/uploads\/2014\/04\/IMG_0072.jpg 570w\" sizes=\"(max-width: 300px) 100vw, 300px\" \/><\/a><\/p>\n<p><a href=\"http:\/\/www.landmaschinen-rlp.de\/WP\/wp-content\/uploads\/2014\/04\/IMG_0073.jpg\"><img decoding=\"async\" loading=\"lazy\" class=\"size-medium wp-image-309 alignright\" alt=\"IMG_0073\" src=\"http:\/\/www.landmaschinen-rlp.de\/WP\/wp-content\/uploads\/2014\/04\/IMG_0073-300x225.jpg\" width=\"300\" height=\"225\" srcset=\"http:\/\/www.landmaschinen-rlp.de\/WP\/wp-content\/uploads\/2014\/04\/IMG_0073-300x225.jpg 300w, http:\/\/www.landmaschinen-rlp.de\/WP\/wp-content\/uploads\/2014\/04\/IMG_0073.jpg 570w\" sizes=\"(max-width: 300px) 100vw, 300px\" \/><\/a><\/p>\n","protected":false},"excerpt":{"rendered":"<p>Die Innung unterst\u00fctzt und f\u00f6rdert die \u00fcberbetriebliche Ausbildung im Berufsbildungs- und Technologiezentrum der Handwerkskammer der Pfalz in Kaiserslautern Am 11.11.2008 wurden seitens der Innung f\u00fcr Land- und Baumaschinentechnik Trier-Rheinhessen-Pfalz verschiedene Modelle und Laborvarianten von Traktorgetrieben offiziell an das Berufsbildungs- und Technologiezentrum (BTZ) der Handwerkskammer der Pfalz in Kaiserslautern \u00fcbergeben. Dort findet f\u00fcr alle Auszubildenden aus [&hellip;]<\/p>\n","protected":false},"author":3,"featured_media":0,"parent":4,"menu_order":41,"comment_status":"closed","ping_status":"closed","template":"","meta":[],"_links":{"self":[{"href":"http:\/\/www.landmaschinen-rlp.de\/WP\/wp-json\/wp\/v2\/pages\/292"}],"collection":[{"href":"http:\/\/www.landmaschinen-rlp.de\/WP\/wp-json\/wp\/v2\/pages"}],"about":[{"href":"http:\/\/www.landmaschinen-rlp.de\/WP\/wp-json\/wp\/v2\/types\/page"}],"author":[{"embeddable":true,"href":"http:\/\/www.landmaschinen-rlp.de\/WP\/wp-json\/wp\/v2\/users\/3"}],"replies":[{"embeddable":true,"href":"http:\/\/www.landmaschinen-rlp.de\/WP\/wp-json\/wp\/v2\/comments?post=292"}],"version-history":[{"count":10,"href":"http:\/\/www.landmaschinen-rlp.de\/WP\/wp-json\/wp\/v2\/pages\/292\/revisions"}],"predecessor-version":[{"id":315,"href":"http:\/\/www.landmaschinen-rlp.de\/WP\/wp-json\/wp\/v2\/pages\/292\/revisions\/315"}],"up":[{"embeddable":true,"href":"http:\/\/www.landmaschinen-rlp.de\/WP\/wp-json\/wp\/v2\/pages\/4"}],"wp:attachment":[{"href":"http:\/\/www.landmaschinen-rlp.de\/WP\/wp-json\/wp\/v2\/media?parent=292"}],"curies":[{"name":"wp","href":"https:\/\/api.w.org\/{rel}","templated":true}]}}