{"id":12,"date":"2014-02-07T16:03:06","date_gmt":"2014-02-07T15:03:06","guid":{"rendered":"http:\/\/www.landmaschinen-rlp.de\/WP\/?page_id=12"},"modified":"2014-11-14T09:18:29","modified_gmt":"2014-11-14T08:18:29","slug":"ausbildung","status":"publish","type":"page","link":"http:\/\/www.landmaschinen-rlp.de\/WP\/die-innung\/ausbildung\/","title":{"rendered":"Ausbildung"},"content":{"rendered":"<p>&nbsp;<\/p>\n<p><span style=\"font-size: x-large;\"><strong>Ausbildung: Landmaschinen &#8211; der klassische Bereich<\/strong><\/span><\/p>\n<p><span style=\"font-size: large;\">Was lernt der\/die angehende &#8222;Land- und Baumaschinenmechatroniker\/-in&#8220; in 3,5 Jahren handwerklicher Ausbildung durch anerkannte Ausbildungs-\/Meisterbetriebe? 3,5 Jahre Technik pur: <\/span><\/p>\n<p><strong><span style=\"font-size: large;\">Pr\u00fcfen, messen, kontrollieren<\/span><\/strong><\/p>\n<p><span style=\"font-size: large;\">z.B. Emmissionswertemessung an Motoren, Spannungs- und Wiederstandsmessung an Melkanlagen, Ger\u00e4uschkontrollen an Maschinen und Motoren, Fehlersuche an Bordcomputern und -elektronik<\/span><\/p>\n<p><strong><span style=\"font-size: large;\">Schwei\u00dfen, f\u00fcgen<\/span><\/strong><\/p>\n<p><span style=\"font-size: large;\">z.B. verschiedene Schwei\u00dftechniken und Reparaturarbeiten an M\u00e4hdreschern; auch: L\u00f6ten, Trennen, Kleben, Pressen, Schrumpfen, Dehnen<\/span><\/p>\n<p><strong><span style=\"font-size: large;\">Maschinelles und manuelles Be- und Verarbeiten<\/span><\/strong><\/p>\n<p><span style=\"font-size: large;\">z.B. an Bodenbearbeitungsger\u00e4ten wie Pfl\u00fcgen, Eggen oder schweren Packern: Rohre, Bleche und Profile f\u00fcr bestimmte Auf- und Anbauten an Aggregaten planen und anbauen<\/span><\/p>\n<p><strong><span style=\"font-size: large;\">Warten, instandhalten, instandsetzen<\/span><\/strong><\/p>\n<p><span style=\"font-size: large;\">z.B. Reparatur- und Wartungsarbeiten an Ackerschleppern: Motoren, Getriebe, Vergaser, K\u00fchlsystem, Z\u00fcndung, Fahrwerk, Hydraulik und Pneumatik, etc.; auch: Wartung von Melkanlagen, Aufbereitung von Gebrauchtmaschinen, etc.<\/span><\/p>\n<p><strong><span style=\"font-size: large;\">Elektrische, elektronische, pneumatische u. hydraulische Steuerungen<\/span><\/strong><\/p>\n<p><span style=\"font-size: large;\">z.B. hydraulische Hubvorrichtung am Schlepper an Heck und Front, elektronische Bauelemente an der Futter- und F\u00f6rdertechnik demontieren, aufbauen, anschlie\u00dfen, pr\u00fcfen; auch: umfangreiche Sicherheitsvorkehrungen beachten lernen<\/span><\/p>\n<p><strong><span style=\"font-size: large;\">Montieren, demontieren<\/span><\/strong><\/p>\n<p><span style=\"font-size: large;\">z.B. Gebrauchtmaschinenwartung, und -verschrottung, Zeilerecycling, Baugruppenreinigung; auch: Neumaschinenkomplettierung und diese kunden- und betriebsfertig herrichten<\/span><\/p>\n<p><strong><span style=\"font-size: large;\">Einstellen, beurteilen, St\u00f6rungssuche<\/span><\/strong><\/p>\n<p><span style=\"font-size: large;\">z.B. an Feldh\u00e4ckslern, M\u00e4hdreschern oder anderen Gro\u00df-Erntemaschinen: Fehlersuche an allen Maschinenbauteilen, unterst\u00fctzt durch modernste und Satelliten-gest\u00fctzte Diagnosetechnik<\/span><\/p>\n<p><strong><span style=\"font-size: large;\">Anlagen installieren<\/span><\/strong><\/p>\n<p><span style=\"font-size: large;\">z.B. komplexe Melk- und Futteranlagen nach Schalt- und Lageplan installieren, Rohre und Leitungen planen und verlegen<\/span><\/p>\n<p><span style=\"font-size: large;\"><strong>Ausr\u00fcsten, umr\u00fcsten<\/strong> <\/span><\/p>\n<p><span style=\"font-size: large;\">z.B. auf Kundenwunsch Sondervorrichtungen an Schleppern oder Reinigungsger\u00e4ten umsetzen: planen, anbauen, anschlie\u00dfen, funktionskontrollieren<\/span><\/p>\n","protected":false},"excerpt":{"rendered":"<p>&nbsp; Ausbildung: Landmaschinen &#8211; der klassische Bereich Was lernt der\/die angehende &#8222;Land- und Baumaschinenmechatroniker\/-in&#8220; in 3,5 Jahren handwerklicher Ausbildung durch anerkannte Ausbildungs-\/Meisterbetriebe? 3,5 Jahre Technik pur: Pr\u00fcfen, messen, kontrollieren z.B. Emmissionswertemessung an Motoren, Spannungs- und Wiederstandsmessung an Melkanlagen, Ger\u00e4uschkontrollen an Maschinen und Motoren, Fehlersuche an Bordcomputern und -elektronik Schwei\u00dfen, f\u00fcgen z.B. verschiedene Schwei\u00dftechniken und Reparaturarbeiten [&hellip;]<\/p>\n","protected":false},"author":1,"featured_media":0,"parent":4,"menu_order":40,"comment_status":"closed","ping_status":"closed","template":"","meta":[],"_links":{"self":[{"href":"http:\/\/www.landmaschinen-rlp.de\/WP\/wp-json\/wp\/v2\/pages\/12"}],"collection":[{"href":"http:\/\/www.landmaschinen-rlp.de\/WP\/wp-json\/wp\/v2\/pages"}],"about":[{"href":"http:\/\/www.landmaschinen-rlp.de\/WP\/wp-json\/wp\/v2\/types\/page"}],"author":[{"embeddable":true,"href":"http:\/\/www.landmaschinen-rlp.de\/WP\/wp-json\/wp\/v2\/users\/1"}],"replies":[{"embeddable":true,"href":"http:\/\/www.landmaschinen-rlp.de\/WP\/wp-json\/wp\/v2\/comments?post=12"}],"version-history":[{"count":8,"href":"http:\/\/www.landmaschinen-rlp.de\/WP\/wp-json\/wp\/v2\/pages\/12\/revisions"}],"predecessor-version":[{"id":589,"href":"http:\/\/www.landmaschinen-rlp.de\/WP\/wp-json\/wp\/v2\/pages\/12\/revisions\/589"}],"up":[{"embeddable":true,"href":"http:\/\/www.landmaschinen-rlp.de\/WP\/wp-json\/wp\/v2\/pages\/4"}],"wp:attachment":[{"href":"http:\/\/www.landmaschinen-rlp.de\/WP\/wp-json\/wp\/v2\/media?parent=12"}],"curies":[{"name":"wp","href":"https:\/\/api.w.org\/{rel}","templated":true}]}}