{"id":10,"date":"2014-02-07T16:02:21","date_gmt":"2014-02-07T14:02:21","guid":{"rendered":"http:\/\/www.landmaschinen-rlp.de\/WP\/?page_id=10"},"modified":"2014-07-04T14:59:36","modified_gmt":"2014-07-04T13:59:36","slug":"geschaeftsstellle","status":"publish","type":"page","link":"http:\/\/www.landmaschinen-rlp.de\/WP\/die-innung\/geschaeftsstellle\/","title":{"rendered":"Innungsgesch\u00e4ftsstelle bei der KH Westpfalz"},"content":{"rendered":"<p><span style=\"font-size: large;\"><strong>Die Kreishandwerkerschaft Westpfalz &#8211; Wer wir sind und was wir tun<\/strong><\/span><\/p>\n<p><span style=\"font-size: medium;\">Die Kreishandwerkerschaft Westpfalz hat &#8211; so, wie auch alle anderen Kreishandwerkerschaften (abgek\u00fcrzt: KH) &#8211; nach der Handwerksordnung die Funktion, <em>\u201edie Gesamtinteressen des selbstst\u00e4ndigen Handwerks&#8230;.., sowie die gemeinsamen Interessen der Handwerksinnungen &#8230;.. wahrzunehmen\u201c.<\/em> Dies bedeutet: Die KH f\u00fchrt nach den jeweiligen Innungssatzungen (dort ist der &#8222;Sitz&#8220; einer Innung festgelegt)\u00a0 die Gesch\u00e4fte der ihr angeschlossenen Innungen und Verb\u00e4nde.\u00a0 Ein Auftrag von gro\u00dfer Bedeutung f\u00fcr das Handwerk, der immer unverzichtbarer wird. Als Arbeitgeberorganisation des selbstst\u00e4ndigen Handwerks liefern wir unseren Innungsmitgliedern st\u00e4ndig aktuelle berufsbezogene Informationen. <\/span><span style=\"font-size: medium;\">Wir geben Antworten auf\u00a0 Fragen und finden L\u00f6sungen, um deren betriebliche Arbeit deutlich zu unterst\u00fctzen. Als K\u00f6rperschaft des \u00f6ffentlichen Rechts sind wir regional f\u00fcr die St\u00e4dte Kaiserslautern, Pirmasens, Zweibr\u00fccken sowie f\u00fcr die Landkreise Kaiserslautern, S\u00fcdwestpfalz, Donnersbergkreis und Kusel zust\u00e4ndig. Des weiteren betreuen wir noch \u00fcberregionale Innungen und Fachverb\u00e4nde, wie z. B. die<strong> Innung f\u00fcr Land- und Baumaschinentechnik Trier-Rheinhessen-Pfalz<\/strong>, auf deren Internetseite Sie sich gerade befinden.<br \/>\n<\/span><\/p>\n<p><span style=\"font-size: medium;\">N\u00e4here Informationen, insbesondere \u00fcber unsere Leistungen f\u00fcr Innungsmitglieder finden Sie unter<\/span><\/p>\n<p><span style=\"font-size: medium;\"><a title=\"www.kh-westpfalz.de\" href=\"http:\/\/www.kh-westpfalz.de\/\">www.kh-westpfalz.de<\/a> .<\/span><\/p>\n","protected":false},"excerpt":{"rendered":"<p>Die Kreishandwerkerschaft Westpfalz &#8211; Wer wir sind und was wir tun Die Kreishandwerkerschaft Westpfalz hat &#8211; so, wie auch alle anderen Kreishandwerkerschaften (abgek\u00fcrzt: KH) &#8211; nach der Handwerksordnung die Funktion, \u201edie Gesamtinteressen des selbstst\u00e4ndigen Handwerks&#8230;.., sowie die gemeinsamen Interessen der Handwerksinnungen &#8230;.. wahrzunehmen\u201c. Dies bedeutet: Die KH f\u00fchrt nach den jeweiligen Innungssatzungen (dort ist der [&hellip;]<\/p>\n","protected":false},"author":1,"featured_media":0,"parent":4,"menu_order":30,"comment_status":"closed","ping_status":"open","template":"","meta":[],"_links":{"self":[{"href":"http:\/\/www.landmaschinen-rlp.de\/WP\/wp-json\/wp\/v2\/pages\/10"}],"collection":[{"href":"http:\/\/www.landmaschinen-rlp.de\/WP\/wp-json\/wp\/v2\/pages"}],"about":[{"href":"http:\/\/www.landmaschinen-rlp.de\/WP\/wp-json\/wp\/v2\/types\/page"}],"author":[{"embeddable":true,"href":"http:\/\/www.landmaschinen-rlp.de\/WP\/wp-json\/wp\/v2\/users\/1"}],"replies":[{"embeddable":true,"href":"http:\/\/www.landmaschinen-rlp.de\/WP\/wp-json\/wp\/v2\/comments?post=10"}],"version-history":[{"count":15,"href":"http:\/\/www.landmaschinen-rlp.de\/WP\/wp-json\/wp\/v2\/pages\/10\/revisions"}],"predecessor-version":[{"id":469,"href":"http:\/\/www.landmaschinen-rlp.de\/WP\/wp-json\/wp\/v2\/pages\/10\/revisions\/469"}],"up":[{"embeddable":true,"href":"http:\/\/www.landmaschinen-rlp.de\/WP\/wp-json\/wp\/v2\/pages\/4"}],"wp:attachment":[{"href":"http:\/\/www.landmaschinen-rlp.de\/WP\/wp-json\/wp\/v2\/media?parent=10"}],"curies":[{"name":"wp","href":"https:\/\/api.w.org\/{rel}","templated":true}]}}